{"id":13,"date":"2014-08-12T10:02:14","date_gmt":"2014-08-12T08:02:14","guid":{"rendered":"http:\/\/energiatan.hu\/?page_id=13"},"modified":"2026-03-19T14:54:21","modified_gmt":"2026-03-19T13:54:21","slug":"gepeszeti-optimalizalas","status":"publish","type":"page","link":"https:\/\/energiatan.hu\/?page_id=13","title":{"rendered":"G\u00e9p\u00e9szeti optimaliz\u00e1l\u00e1s"},"content":{"rendered":"<p><a href=\"http:\/\/energiatan.hu\/wp-content\/uploads\/2014\/08\/fogaskerek.png\"><img loading=\"lazy\" decoding=\"async\" class=\"alignright wp-image-14 size-full\" src=\"http:\/\/energiatan.hu\/wp-content\/uploads\/2014\/08\/fogaskerek.png\" alt=\"fogaskerek\" width=\"136\" height=\"150\" \/><\/a><\/p>\n<p>Az \u00e9p\u00fcletg\u00e9p\u00e9szeti optimaliz\u00e1l\u00e1s az \u00e9p\u00fcletek f\u0171t\u00e9s-, h\u0171t\u00e9s-, szell\u0151ztet\u00e9s- \u00e9s v\u00edzell\u00e1t\u00f3 rendszereinek hat\u00e9konys\u00e1gjav\u00edt\u00e1s\u00e1t jelenti, els\u0151sorban energiafogyaszt\u00e1s cs\u00f6kkent\u00e9se \u00e9rdek\u00e9ben.<\/p>\n<p>Amennyiben \u00faj h\u00e1zat \u00e9p\u00edt, vagy megl\u00e9v\u0151 h\u00e1z\u00e1t \u00faj\u00edtja fel rengeteg korszer\u0171 g\u00e9p\u00e9szeti, vagy h\u0151szigetel\u00e9si lehet\u0151s\u00e9g k\u00f6z\u00fcl v\u00e1laszthat. K\u00e9rje seg\u00edts\u00e9g\u00fcnket, hogy a legoptim\u00e1lisabb megold\u00e1st v\u00e1laszthassa, ami beruh\u00e1z\u00e1si k\u00f6lts\u00e9g \u00e9s megt\u00e9r\u00fcl\u00e9s viszony\u00e1ban kifejezhet\u0151. A v\u00e9geredm\u00e9ny nem bonyolult sz\u00e1moksorokban fog megmutatkozni, amit csak a szakemberek \u00e9rtenek, hanem a megrendel\u0151 sz\u00e1m\u00e1ra is \u00e9rthet\u0151 m\u00f3don, vagyis az adott g\u00e9p\u00e9szeti, h\u0151szigetel\u00e9si megold\u00e1s, beruh\u00e1z\u00e1s h\u00e1ny \u00e9ven bel\u00fcl t\u00e9r\u00fcl meg sz\u00e1m\u00e1ra.<\/p>\n<p><a title=\"\u00c1raj\u00e1nlat\" href=\"http:\/\/energiatan.hu\/?page_id=42\">K\u00c9RJEN \u00c1RAJ\u00c1NLATOT<\/a><\/p>\n","protected":false},"excerpt":{"rendered":"<p>Az \u00e9p\u00fcletg\u00e9p\u00e9szeti optimaliz\u00e1l\u00e1s az \u00e9p\u00fcletek f\u0171t\u00e9s-, h\u0171t\u00e9s-, szell\u0151ztet\u00e9s- \u00e9s v\u00edzell\u00e1t\u00f3 rendszereinek hat\u00e9konys\u00e1gjav\u00edt\u00e1s\u00e1t jelenti, els\u0151sorban energiafogyaszt\u00e1s cs\u00f6kkent\u00e9se \u00e9rdek\u00e9ben. Amennyiben \u00faj h\u00e1zat \u00e9p\u00edt, vagy megl\u00e9v\u0151 h\u00e1z\u00e1t \u00faj\u00edtja fel rengeteg korszer\u0171 g\u00e9p\u00e9szeti, vagy h\u0151szigetel\u00e9si lehet\u0151s\u00e9g k\u00f6z\u00fcl v\u00e1laszthat. K\u00e9rje seg\u00edts\u00e9g\u00fcnket, hogy a legoptim\u00e1lisabb megold\u00e1st v\u00e1laszthassa, ami beruh\u00e1z\u00e1si k\u00f6lts\u00e9g \u00e9s megt\u00e9r\u00fcl\u00e9s viszony\u00e1ban kifejezhet\u0151. A v\u00e9geredm\u00e9ny nem bonyolult sz\u00e1moksorokban fog megmutatkozni, [&hellip;]<\/p>\n","protected":false},"author":1,"featured_media":14,"parent":0,"menu_order":0,"comment_status":"closed","ping_status":"closed","template":"","meta":{"_monsterinsights_skip_tracking":false,"_monsterinsights_sitenote_active":false,"_monsterinsights_sitenote_note":"","_monsterinsights_sitenote_category":0,"footnotes":""},"class_list":["post-13","page","type-page","status-publish","has-post-thumbnail","hentry","post","post-with-thumbnail","post-with-thumbnail-large"],"_links":{"self":[{"href":"https:\/\/energiatan.hu\/index.php?rest_route=\/wp\/v2\/pages\/13","targetHints":{"allow":["GET"]}}],"collection":[{"href":"https:\/\/energiatan.hu\/index.php?rest_route=\/wp\/v2\/pages"}],"about":[{"href":"https:\/\/energiatan.hu\/index.php?rest_route=\/wp\/v2\/types\/page"}],"author":[{"embeddable":true,"href":"https:\/\/energiatan.hu\/index.php?rest_route=\/wp\/v2\/users\/1"}],"replies":[{"embeddable":true,"href":"https:\/\/energiatan.hu\/index.php?rest_route=%2Fwp%2Fv2%2Fcomments&post=13"}],"version-history":[{"count":19,"href":"https:\/\/energiatan.hu\/index.php?rest_route=\/wp\/v2\/pages\/13\/revisions"}],"predecessor-version":[{"id":159,"href":"https:\/\/energiatan.hu\/index.php?rest_route=\/wp\/v2\/pages\/13\/revisions\/159"}],"wp:featuredmedia":[{"embeddable":true,"href":"https:\/\/energiatan.hu\/index.php?rest_route=\/wp\/v2\/media\/14"}],"wp:attachment":[{"href":"https:\/\/energiatan.hu\/index.php?rest_route=%2Fwp%2Fv2%2Fmedia&parent=13"}],"curies":[{"name":"wp","href":"https:\/\/api.w.org\/{rel}","templated":true}]}}