{"id":2,"date":"2014-05-09T04:35:09","date_gmt":"2014-05-09T04:35:09","guid":{"rendered":"http:\/\/energiatan.hu\/?page_id=2"},"modified":"2026-03-19T15:29:00","modified_gmt":"2026-03-19T14:29:00","slug":"sample-page","status":"publish","type":"page","link":"https:\/\/energiatan.hu\/?page_id=2","title":{"rendered":"Kapcsolat"},"content":{"rendered":"<p><strong>G\u00e9mes Tam\u00e1s<a href=\"http:\/\/energiatan.hu\/wp-content\/uploads\/2026\/03\/ART_7736-scaled.jpg\"><img loading=\"lazy\" decoding=\"async\" class=\"size-medium wp-image-166 alignright\" src=\"http:\/\/energiatan.hu\/wp-content\/uploads\/2026\/03\/ART_7736-206x300.jpg\" alt=\"\" width=\"206\" height=\"300\" srcset=\"https:\/\/energiatan.hu\/wp-content\/uploads\/2026\/03\/ART_7736-206x300.jpg 206w, https:\/\/energiatan.hu\/wp-content\/uploads\/2026\/03\/ART_7736-702x1024.jpg 702w, https:\/\/energiatan.hu\/wp-content\/uploads\/2026\/03\/ART_7736-768x1120.jpg 768w, https:\/\/energiatan.hu\/wp-content\/uploads\/2026\/03\/ART_7736-1053x1536.jpg 1053w, https:\/\/energiatan.hu\/wp-content\/uploads\/2026\/03\/ART_7736-1404x2048.jpg 1404w, https:\/\/energiatan.hu\/wp-content\/uploads\/2026\/03\/ART_7736-scaled.jpg 1755w\" sizes=\"auto, (max-width: 206px) 100vw, 206px\" \/><\/a><\/strong><\/p>\n<p>PM\u00c9K \u00e9s MMK tagja<\/p>\n<p>Okl. \u00e9p\u00edt\u00e9szm\u00e9rn\u00f6k &#8211; \u00c9 13-2028<\/p>\n<p>\u00c9p\u00fcletenergetikus &#8211; T\u00c9 13-2028<\/p>\n<p>Energetikai auditor &#8211; EA-274\/2025<\/p>\n<p>Energetikai szakreferens &#8211; ESZ-380\/2025<\/p>\n<p>Energetikai szakm\u00e9rn\u00f6k &#8211; SZ\u00c9S6 13-21481<\/p>\n<p>energiatan@energiatan.hu<\/p>\n<p>+36 30 6563718<\/p>\n<p><img loading=\"lazy\" decoding=\"async\" class=\"wp-image-31 alignleft\" src=\"http:\/\/energiatan.hu\/wp-content\/uploads\/2014\/05\/facebook_logo_detail-150x150.gif\" alt=\"facebook_logo_detail\" width=\"16\" height=\"16\" srcset=\"https:\/\/energiatan.hu\/wp-content\/uploads\/2014\/05\/facebook_logo_detail-150x150.gif 150w, https:\/\/energiatan.hu\/wp-content\/uploads\/2014\/05\/facebook_logo_detail-280x300.gif 280w\" sizes=\"auto, (max-width: 16px) 100vw, 16px\" \/><\/p>\n","protected":false},"excerpt":{"rendered":"<p>G\u00e9mes Tam\u00e1s PM\u00c9K \u00e9s MMK tagja Okl. \u00e9p\u00edt\u00e9szm\u00e9rn\u00f6k &#8211; \u00c9 13-2028 \u00c9p\u00fcletenergetikus &#8211; T\u00c9 13-2028 Energetikai auditor &#8211; EA-274\/2025 Energetikai szakreferens &#8211; ESZ-380\/2025 Energetikai szakm\u00e9rn\u00f6k &#8211; SZ\u00c9S6 13-21481 energiatan@energiatan.hu +36 30 6563718<\/p>\n","protected":false},"author":1,"featured_media":0,"parent":0,"menu_order":0,"comment_status":"closed","ping_status":"closed","template":"","meta":{"_monsterinsights_skip_tracking":false,"_monsterinsights_sitenote_active":false,"_monsterinsights_sitenote_note":"","_monsterinsights_sitenote_category":0,"footnotes":""},"class_list":["post-2","page","type-page","status-publish","hentry","post"],"_links":{"self":[{"href":"https:\/\/energiatan.hu\/index.php?rest_route=\/wp\/v2\/pages\/2","targetHints":{"allow":["GET"]}}],"collection":[{"href":"https:\/\/energiatan.hu\/index.php?rest_route=\/wp\/v2\/pages"}],"about":[{"href":"https:\/\/energiatan.hu\/index.php?rest_route=\/wp\/v2\/types\/page"}],"author":[{"embeddable":true,"href":"https:\/\/energiatan.hu\/index.php?rest_route=\/wp\/v2\/users\/1"}],"replies":[{"embeddable":true,"href":"https:\/\/energiatan.hu\/index.php?rest_route=%2Fwp%2Fv2%2Fcomments&post=2"}],"version-history":[{"count":13,"href":"https:\/\/energiatan.hu\/index.php?rest_route=\/wp\/v2\/pages\/2\/revisions"}],"predecessor-version":[{"id":167,"href":"https:\/\/energiatan.hu\/index.php?rest_route=\/wp\/v2\/pages\/2\/revisions\/167"}],"wp:attachment":[{"href":"https:\/\/energiatan.hu\/index.php?rest_route=%2Fwp%2Fv2%2Fmedia&parent=2"}],"curies":[{"name":"wp","href":"https:\/\/api.w.org\/{rel}","templated":true}]}}