{"id":22,"date":"2014-08-12T11:26:08","date_gmt":"2014-08-12T09:26:08","guid":{"rendered":"http:\/\/energiatan.hu\/?page_id=22"},"modified":"2014-08-12T12:48:38","modified_gmt":"2014-08-12T10:48:38","slug":"home","status":"publish","type":"page","link":"https:\/\/energiatan.hu\/","title":{"rendered":"F\u0151oldal"},"content":{"rendered":"<div id=\"pl-22\"  class=\"panel-layout\" ><div id=\"pg-22-0\"  class=\"panel-grid panel-no-style\" ><div id=\"pgc-22-0-0\"  class=\"panel-grid-cell\" ><div id=\"panel-22-0-0-0\" class=\"so-panel widget widget_circleicon-widget panel-first-child panel-last-child\" data-index=\"0\" >\t\t<div class=\"circle-icon-box circle-icon-position-top circle-icon-hide-box circle-icon-size-small \">\n\t\t\t\t\t\t\t<div class=\"circle-icon-wrapper\">\n\t\t\t\t\t\t\t\t\t\t<a href=\"http:\/\/energiatan.hu\/?page_id=56\" class=\"link-icon\" >\t\t\t\t\t<div class=\"circle-icon icon-style-set\" style=\"background-color: #76b344\">\n\t\t\t\t\t\t\t\t\t\t\t\t\t<div\n\t\t\t\t\t\t\t\tclass=\"fa fa-check-square-o  icon-style-set\"\n\t\t\t\t\t\t\t\t\t\t\t\t\t\t\t><\/div>\n\t\t\t\t\t\t\t\t\t\t\t<\/div>\n\t\t\t\t\t<\/a>\t\t\t\t<\/div>\n\t\t\t\n\t\t\t\t\t\t\t<a\n\t\t\t\t\thref=\"http:\/\/energiatan.hu\/?page_id=56\"\n\t\t\t\t\tclass=\"link-title\" \t\t\t\t>\n\t\t\t\t\t\t\t\t\t\t<h4 >\n\t\t\t\t\tTan\u00fas\u00edt\u00e1s\t\t\t\t<\/h4>\n\t\t\t\t\t\t\t\t\t\t<\/a>\n\t\t\t\n\t\t\t\t\t\t\t<p class=\"text\" >\n\t\t\t\tR\u00f6vid hat\u00e1rid\u0151vel \u00e9s megengedhet\u0151 \u00e1ron elk\u00e9sz\u00edtj\u00fck \u00e9p\u00fclete energetikai tan\u00fas\u00edt\u00e1s\u00edt\u00e1s\u00e1t\t\t\t<\/p>\n\t\t\t\t\t\t\t\t\t\t<a\n\t\t\t\t\thref=\"http:\/\/energiatan.hu\/?page_id=56\"\n\t\t\t\t\tclass=\"more-button\"\n\t\t\t\t\t\t\t\t\t>\n\t\t\t\t\t \t\t\t\t\t<i><\/i>\n\t\t\t\t<\/a>\n\t\t\t\t\t<\/div>\n\t\t<\/div><\/div><div id=\"pgc-22-0-1\"  class=\"panel-grid-cell\" ><div id=\"panel-22-0-1-0\" class=\"so-panel widget widget_circleicon-widget panel-first-child panel-last-child\" data-index=\"1\" >\t\t<div class=\"circle-icon-box circle-icon-position-top circle-icon-hide-box circle-icon-size-small \">\n\t\t\t\t\t\t\t<div class=\"circle-icon-wrapper\">\n\t\t\t\t\t\t\t\t\t\t<a href=\"http:\/\/energiatan.hu\/?page_id=13\" class=\"link-icon\" >\t\t\t\t\t<div class=\"circle-icon icon-style-set\" style=\"background-color: #76b344\">\n\t\t\t\t\t\t\t\t\t\t\t\t\t<div\n\t\t\t\t\t\t\t\tclass=\"fa fa-sun-o  icon-style-set\"\n\t\t\t\t\t\t\t\t\t\t\t\t\t\t\t><\/div>\n\t\t\t\t\t\t\t\t\t\t\t<\/div>\n\t\t\t\t\t<\/a>\t\t\t\t<\/div>\n\t\t\t\n\t\t\t\t\t\t\t<a\n\t\t\t\t\thref=\"http:\/\/energiatan.hu\/?page_id=13\"\n\t\t\t\t\tclass=\"link-title\" \t\t\t\t>\n\t\t\t\t\t\t\t\t\t\t<h4 >\n\t\t\t\t\tEnergetikai optimaliz\u00e1l\u00e1s\t\t\t\t<\/h4>\n\t\t\t\t\t\t\t\t\t\t<\/a>\n\t\t\t\n\t\t\t\t\t\t\t<p class=\"text\" >\n\t\t\t\tSz\u00fcks\u00e9ge van seg\u00edts\u00e9gre a g\u00e9p\u00e9szeti \u00e9s h\u0151szigetel\u0151 rendszer kiv\u00e1laszt\u00e1s\u00e1ban? Seg\u00edt\u00fcnk meghozni a legjobb d\u00f6nt\u00e9st.\t\t\t<\/p>\n\t\t\t\t\t\t\t\t\t\t<a\n\t\t\t\t\thref=\"http:\/\/energiatan.hu\/?page_id=13\"\n\t\t\t\t\tclass=\"more-button\"\n\t\t\t\t\t\t\t\t\t>\n\t\t\t\t\t \t\t\t\t\t<i><\/i>\n\t\t\t\t<\/a>\n\t\t\t\t\t<\/div>\n\t\t<\/div><\/div><div id=\"pgc-22-0-2\"  class=\"panel-grid-cell\" ><div id=\"panel-22-0-2-0\" class=\"so-panel widget widget_circleicon-widget panel-first-child panel-last-child\" data-index=\"2\" >\t\t<div class=\"circle-icon-box circle-icon-position-top circle-icon-hide-box circle-icon-size-small \">\n\t\t\t\t\t\t\t<div class=\"circle-icon-wrapper\">\n\t\t\t\t\t\t\t\t\t\t<a href=\"http:\/\/energiatan.hu\/?page_id=70\" class=\"link-icon\" >\t\t\t\t\t<div class=\"circle-icon icon-style-set\" style=\"background-color: #76b344\">\n\t\t\t\t\t\t\t\t\t\t\t\t\t<div\n\t\t\t\t\t\t\t\tclass=\"fa fa-bookmark  icon-style-set\"\n\t\t\t\t\t\t\t\t\t\t\t\t\t\t\t><\/div>\n\t\t\t\t\t\t\t\t\t\t\t<\/div>\n\t\t\t\t\t<\/a>\t\t\t\t<\/div>\n\t\t\t\n\t\t\t\t\t\t\t<a\n\t\t\t\t\thref=\"http:\/\/energiatan.hu\/?page_id=70\"\n\t\t\t\t\tclass=\"link-title\" \t\t\t\t>\n\t\t\t\t\t\t\t\t\t\t<h4 >\n\t\t\t\t\tH\u0151technikai sz\u00e1m\u00edt\u00e1s\t\t\t\t<\/h4>\n\t\t\t\t\t\t\t\t\t\t<\/a>\n\t\t\t\n\t\t\t\t\t\t\t<p class=\"text\" >\n\t\t\t\t\u00c9p\u00edt\u00e9si enged\u00e9lyez\u00e9si tervhez sz\u00fcks\u00e9ges \u00e9p\u00fclet energetikai sz\u00e1m\u00edt\u00e1s elv\u00e9gz\u00e9se.\t\t\t<\/p>\n\t\t\t\t\t\t\t\t\t\t<a\n\t\t\t\t\thref=\"http:\/\/energiatan.hu\/?page_id=70\"\n\t\t\t\t\tclass=\"more-button\"\n\t\t\t\t\t\t\t\t\t>\n\t\t\t\t\t \t\t\t\t\t<i><\/i>\n\t\t\t\t<\/a>\n\t\t\t\t\t<\/div>\n\t\t<\/div><\/div><\/div><div id=\"pg-22-1\"  class=\"panel-grid panel-no-style\" ><div id=\"pgc-22-1-0\"  class=\"panel-grid-cell panel-grid-cell-empty\" ><\/div><div id=\"pgc-22-1-1\"  class=\"panel-grid-cell panel-grid-cell-empty\" ><\/div><div id=\"pgc-22-1-2\"  class=\"panel-grid-cell\" ><div id=\"panel-22-1-2-0\" class=\"so-panel widget widget_vantage-social-media panel-first-child panel-last-child\" data-index=\"3\" >\t\t\t\t<a\n\t\t\t\t\tclass=\"social-media-icon social-media-icon-facebook social-media-icon-size-medium\"\n\t\t\t\t\thref=\"https:\/\/www.facebook.com\/tanusito?fref=ts\"\n\t\t\t\t\ttitle=\"Energiatan Facebook\"\n\t\t\t\t\ttarget=\"_blank\"\t\t\t\t>\n\t\t\t\t\t<span class=\"fa fa-facebook\"><\/span>\t\t\t\t<\/a>\n\t\t\t\t<\/div><\/div><\/div><\/div>","protected":false},"excerpt":{"rendered":"<p>Tan\u00fas\u00edt\u00e1s R\u00f6vid hat\u00e1rid\u0151vel \u00e9s megengedhet\u0151 \u00e1ron elk\u00e9sz\u00edtj\u00fck \u00e9p\u00fclete energetikai tan\u00fas\u00edt\u00e1s\u00edt\u00e1s\u00e1t Energetikai optimaliz\u00e1l\u00e1s Sz\u00fcks\u00e9ge van seg\u00edts\u00e9gre a g\u00e9p\u00e9szeti \u00e9s h\u0151szigetel\u0151 rendszer kiv\u00e1laszt\u00e1s\u00e1ban? Seg\u00edt\u00fcnk meghozni a legjobb d\u00f6nt\u00e9st. H\u0151technikai sz\u00e1m\u00edt\u00e1s \u00c9p\u00edt\u00e9si enged\u00e9lyez\u00e9si tervhez sz\u00fcks\u00e9ges \u00e9p\u00fclet energetikai sz\u00e1m\u00edt\u00e1s elv\u00e9gz\u00e9se.<\/p>\n","protected":false},"author":1,"featured_media":0,"parent":0,"menu_order":0,"comment_status":"closed","ping_status":"open","template":"home-panels.php","meta":{"_monsterinsights_skip_tracking":false,"_monsterinsights_sitenote_active":false,"_monsterinsights_sitenote_note":"","_monsterinsights_sitenote_category":0,"footnotes":""},"class_list":["post-22","page","type-page","status-publish","hentry","post"],"_links":{"self":[{"href":"https:\/\/energiatan.hu\/index.php?rest_route=\/wp\/v2\/pages\/22","targetHints":{"allow":["GET"]}}],"collection":[{"href":"https:\/\/energiatan.hu\/index.php?rest_route=\/wp\/v2\/pages"}],"about":[{"href":"https:\/\/energiatan.hu\/index.php?rest_route=\/wp\/v2\/types\/page"}],"author":[{"embeddable":true,"href":"https:\/\/energiatan.hu\/index.php?rest_route=\/wp\/v2\/users\/1"}],"replies":[{"embeddable":true,"href":"https:\/\/energiatan.hu\/index.php?rest_route=%2Fwp%2Fv2%2Fcomments&post=22"}],"version-history":[{"count":5,"href":"https:\/\/energiatan.hu\/index.php?rest_route=\/wp\/v2\/pages\/22\/revisions"}],"predecessor-version":[{"id":35,"href":"https:\/\/energiatan.hu\/index.php?rest_route=\/wp\/v2\/pages\/22\/revisions\/35"}],"wp:attachment":[{"href":"https:\/\/energiatan.hu\/index.php?rest_route=%2Fwp%2Fv2%2Fmedia&parent=22"}],"curies":[{"name":"wp","href":"https:\/\/api.w.org\/{rel}","templated":true}]}}