{"id":70,"date":"2014-08-12T14:30:03","date_gmt":"2014-08-12T12:30:03","guid":{"rendered":"http:\/\/energiatan.hu\/?page_id=70"},"modified":"2026-03-19T15:04:25","modified_gmt":"2026-03-19T14:04:25","slug":"epulet-energetika","status":"publish","type":"page","link":"https:\/\/energiatan.hu\/?page_id=70","title":{"rendered":"H\u0151ig\u00e9ny sz\u00e1m\u00edt\u00e1s"},"content":{"rendered":"<p style=\"text-align: justify;\"><a href=\"http:\/\/energiatan.hu\/wp-content\/uploads\/2014\/08\/h\u0151technika.jpg\"><img loading=\"lazy\" decoding=\"async\" class=\"alignright wp-image-87 \" src=\"http:\/\/energiatan.hu\/wp-content\/uploads\/2014\/08\/h\u0151technika.jpg\" alt=\"h\u0151technika\" width=\"184\" height=\"152\" srcset=\"https:\/\/energiatan.hu\/wp-content\/uploads\/2014\/08\/h\u0151technika.jpg 364w, https:\/\/energiatan.hu\/wp-content\/uploads\/2014\/08\/h\u0151technika-300x247.jpg 300w\" sizes=\"auto, (max-width: 184px) 100vw, 184px\" \/><\/a>Az \u00e9p\u00fclet h\u0151ig\u00e9ny sz\u00e1m\u00edt\u00e1sa az \u00e9p\u00fclet h\u0151vesztes\u00e9g\u00e9nek meghat\u00e1roz\u00e1s\u00e1t jelenti, amely a k\u00edv\u00e1nt bels\u0151 h\u0151m\u00e9rs\u00e9klet fenntart\u00e1s\u00e1hoz sz\u00fcks\u00e9ges h\u0151mennyis\u00e9get adja meg k\u00fcls\u0151 k\u00f6r\u00fclm\u00e9nyek f\u00fcggv\u00e9ny\u00e9ben.<\/p>\n<p id=\"f-jelentsge\" class=\"font-editorial font-bold mb-2 mt-4 [.has-inline-images_&amp;]:clear-end text-lg first:mt-0 md:text-lg [hr+&amp;]:mt-4\"><strong>F\u0151 jelent\u0151s\u00e9ge<\/strong><\/p>\n<p class=\"my-2 [&amp;+p]:mt-4 [&amp;_strong:has(+br)]:inline-block [&amp;_strong:has(+br)]:pb-2\">Lehet\u0151v\u00e9 teszi a f\u0171t\u00e9si\/h\u0171t\u00e9si rendszerek (kaz\u00e1n, h\u0151szivatty\u00fa) pontos m\u00e9retez\u00e9s\u00e9t, elker\u00fclve a t\u00falm\u00e9retez\u00e9st (felesleges k\u00f6lts\u00e9gek) vagy alulm\u00e9retez\u00e9st (komforthi\u00e1ny).<br \/>\nSeg\u00edt az energiahat\u00e9konys\u00e1g optimaliz\u00e1l\u00e1s\u00e1ban, cs\u00f6kkenti a rezsik\u00f6lts\u00e9geket \u00e9s CO\u2082-kibocs\u00e1t\u00e1st, valamint alapja az energetikai tan\u00fas\u00edtv\u00e1nynak Magyarorsz\u00e1gon<\/p>\n<p><strong>H\u0151szivatty\u00fas rendszerek<\/strong><\/p>\n<p>K\u00fcl\u00f6n\u00f6sen fontos a h\u0151ig\u00e9ny szerinti m\u00e9retez\u00e9s a h\u0151szivatty\u00fas rendszerek eset\u00e9ben. A megfelel\u0151 k\u00e9sz\u00fcl\u00e9k kiv\u00e1laszt\u00e1sa nem el\u0151zheti meg a energetikai sz\u00e1m\u00edt\u00e1st\/m\u00e9retez\u00e9st. A h\u0151termel\u0151t a sz\u00e1m\u00edtott h\u0151sz\u00fcks\u00e9glethez kell igaz\u00edtani. Ellenkez\u0151 esetben a f\u0171t\u00e9si\/h\u0171t\u00e9si rendszer instabill\u00e1 v\u00e1lhat, a v\u00e1rhat\u00f3 energiahat\u00e9konys\u00e1g nem teljes\u00fcl, \u00e9s sok esetben a h\u0151szivatty\u00fa gyorsan t\u00f6nkremegy.<\/p>\n<p><a title=\"\u00c1raj\u00e1nlat\" href=\"http:\/\/energiatan.hu\/?page_id=42\">K\u00c9RJEN \u00c1RAJ\u00c1NLATOT<\/a><\/p>\n","protected":false},"excerpt":{"rendered":"<p>Az \u00e9p\u00fclet h\u0151ig\u00e9ny sz\u00e1m\u00edt\u00e1sa az \u00e9p\u00fclet h\u0151vesztes\u00e9g\u00e9nek meghat\u00e1roz\u00e1s\u00e1t jelenti, amely a k\u00edv\u00e1nt bels\u0151 h\u0151m\u00e9rs\u00e9klet fenntart\u00e1s\u00e1hoz sz\u00fcks\u00e9ges h\u0151mennyis\u00e9get adja meg k\u00fcls\u0151 k\u00f6r\u00fclm\u00e9nyek f\u00fcggv\u00e9ny\u00e9ben. F\u0151 jelent\u0151s\u00e9ge Lehet\u0151v\u00e9 teszi a f\u0171t\u00e9si\/h\u0171t\u00e9si rendszerek (kaz\u00e1n, h\u0151szivatty\u00fa) pontos m\u00e9retez\u00e9s\u00e9t, elker\u00fclve a t\u00falm\u00e9retez\u00e9st (felesleges k\u00f6lts\u00e9gek) vagy alulm\u00e9retez\u00e9st (komforthi\u00e1ny). Seg\u00edt az energiahat\u00e9konys\u00e1g optimaliz\u00e1l\u00e1s\u00e1ban, cs\u00f6kkenti a rezsik\u00f6lts\u00e9geket \u00e9s CO\u2082-kibocs\u00e1t\u00e1st, valamint alapja az energetikai tan\u00fas\u00edtv\u00e1nynak [&hellip;]<\/p>\n","protected":false},"author":1,"featured_media":0,"parent":0,"menu_order":0,"comment_status":"closed","ping_status":"closed","template":"","meta":{"_monsterinsights_skip_tracking":false,"_monsterinsights_sitenote_active":false,"_monsterinsights_sitenote_note":"","_monsterinsights_sitenote_category":0,"footnotes":""},"class_list":["post-70","page","type-page","status-publish","hentry","post"],"_links":{"self":[{"href":"https:\/\/energiatan.hu\/index.php?rest_route=\/wp\/v2\/pages\/70","targetHints":{"allow":["GET"]}}],"collection":[{"href":"https:\/\/energiatan.hu\/index.php?rest_route=\/wp\/v2\/pages"}],"about":[{"href":"https:\/\/energiatan.hu\/index.php?rest_route=\/wp\/v2\/types\/page"}],"author":[{"embeddable":true,"href":"https:\/\/energiatan.hu\/index.php?rest_route=\/wp\/v2\/users\/1"}],"replies":[{"embeddable":true,"href":"https:\/\/energiatan.hu\/index.php?rest_route=%2Fwp%2Fv2%2Fcomments&post=70"}],"version-history":[{"count":8,"href":"https:\/\/energiatan.hu\/index.php?rest_route=\/wp\/v2\/pages\/70\/revisions"}],"predecessor-version":[{"id":161,"href":"https:\/\/energiatan.hu\/index.php?rest_route=\/wp\/v2\/pages\/70\/revisions\/161"}],"wp:attachment":[{"href":"https:\/\/energiatan.hu\/index.php?rest_route=%2Fwp%2Fv2%2Fmedia&parent=70"}],"curies":[{"name":"wp","href":"https:\/\/api.w.org\/{rel}","templated":true}]}}